{"id":4187,"date":"2019-01-15T14:20:54","date_gmt":"2019-01-15T06:20:54","guid":{"rendered":"https:\/\/www.baojetools.com\/faq\/"},"modified":"2019-08-12T15:02:39","modified_gmt":"2019-08-12T07:02:39","slug":"faq","status":"publish","type":"page","link":"https:\/\/www.baojetools.com\/de\/faq\/","title":{"rendered":"FAQ"},"content":{"rendered":"<p><div class=\"fusion-fullwidth fullwidth-box fusion-builder-row-1 nonhundred-percent-fullwidth non-hundred-percent-height-scrolling\" style=\"background-color: #ffffff;background-position: left top;background-repeat: no-repeat;padding-top:110px;padding-right:0px;padding-bottom:100px;padding-left:0px;margin-bottom: 0px;margin-top: 0px;border-width: 0px 0px 0px 0px;border-color:#eae9e9;border-style:solid;\" ><div class=\"fusion-builder-row fusion-row\"><div class=\"fusion-layout-column fusion_builder_column fusion-builder-column-0 fusion_builder_column_1_1 1_1 fusion-one-full fusion-column-first fusion-column-last\" style=\"margin-top:0px;margin-bottom:20px;\"><div class=\"fusion-column-wrapper fusion-flex-column-wrapper-legacy\" style=\"background-position:left top;background-repeat:no-repeat;-webkit-background-size:cover;-moz-background-size:cover;-o-background-size:cover;background-size:cover;padding: 0px 0% 0px 0%;\"><div class=\"fusion-menu-anchor\" id=\"faq\"><\/div><div class=\"fusion-text fusion-text-1\"><p style=\"font-size: 24px;\">FAQ<\/p>\n<\/div><span class=\" fusion-imageframe imageframe-none imageframe-1 hover-type-none\"><img decoding=\"async\" width=\"952\" height=\"24\" title=\"sep\" src=\"https:\/\/www.baojetools.com\/wp-content\/uploads\/2018\/01\/sep.png\" alt class=\"img-responsive wp-image-3734\" srcset=\"https:\/\/www.baojetools.com\/wp-content\/uploads\/2018\/01\/sep-200x5.png 200w, https:\/\/www.baojetools.com\/wp-content\/uploads\/2018\/01\/sep-400x10.png 400w, https:\/\/www.baojetools.com\/wp-content\/uploads\/2018\/01\/sep-600x15.png 600w, https:\/\/www.baojetools.com\/wp-content\/uploads\/2018\/01\/sep-800x20.png 800w, https:\/\/www.baojetools.com\/wp-content\/uploads\/2018\/01\/sep.png 952w\" sizes=\"(max-width: 850px) 100vw, 952px\" \/><\/span><div class=\"fusion-text fusion-text-2\"><ul style=\"list-style-type: decimal; font-family: Open Sans;\">\n<li>\n<h3 style=\"font-family: Open Sans; color: #17a05c;\"><strong>Sind Sie ein Hersteller?<\/strong><\/h3>\n<p>Ja wir sind.<br \/>\nWir entwerfen und montieren eigene CNC-Schleifmaschinen und fertigen Mikrozerspanungswerkzeuge .<\/li>\n<li>\n<h3 style=\"font-family: Open Sans; color: #17a05c;\"><strong>Wie kann ich den Artikelpreis erhalten? <\/strong><\/h3>\n<p>Sie k\u00f6nnen uns per E-Mail kontaktieren oder uns anrufen. Nachdem wir Ihre Bed\u00fcrfnisse verstanden haben, werden wir Ihnen eine detaillierte Preisliste zur Verf\u00fcgung stellen.<\/li>\n<li>\n<h3 style=\"font-family: Open Sans; color: #17a05c;\"><strong>Wie finde ich das geeignete Mikrozerspanungswerkzeug f\u00fcr CNC-Drehmaschinen? <\/strong><\/h3>\n<p>Zuerst k\u00f6nnen Sie unseren E-Katalog konsultieren.<br \/>\nEs stellt unsere Standardwerkzeuge und alle Details der Werkzeugtypen und -gr\u00f6\u00dfen vor.<br \/>\nWenn Standardwerkzeuge nicht auf das betreffende Werkst\u00fcck anwendbar sind, k\u00f6nnen Sie das Standardwerkzeug \u00fcberarbeiten oder das Werkzeug an W\u00fcnsche anpassen<\/li>\n<li>\n<h3 style=\"font-family: Open Sans; color: #17a05c;\"><strong>Was ist der gr\u00f6\u00dfte Durchmesser Ihrer Mikrozerspanungswerkzeugen?<\/strong><\/h3>\n<p>Wir liefern meistens systematische Werkzeuge mit einem Durchmesser von bis zu 8mm. Au\u00dferdem l\u00f6sen wir technische Probleme und bew\u00e4ltigen den Mangel an Ingenieuren auf diesem Gebiet.<br \/>\nWenn Sie Werkzeuge mit gr\u00f6\u00dferen Durchmessern ben\u00f6tigen, senden Sie uns bitte eine E-Mail zur weiteren Diskussion.<\/li>\n<li>\n<h3 style=\"font-family: Open Sans; color: #17a05c;\"><strong>Was sind die Gr\u00f6\u00dfen f\u00fcr den Radius der Spitze von Ihren Werkzeugen?<\/strong><\/h3>\n<p>Der Radius der Spitze von unseren Standardwerkzeugen betr\u00e4gt meistens R 0,1.<br \/>\nWenn der ben\u00f6tigte Radius kleiner (zB: R 0,05 \/ R 0,03) oder gr\u00f6\u00dfer (zB: R 0,2 \/ R 0,4) ist, k\u00f6nnen wir diese Werkzeuge auf Anfrage auch herstellen.<\/li>\n<li>\n<h3 style=\"font-family: Open Sans; color: #17a05c;\"><strong>Wenn die Standardwerkzeuge nicht geeignet sind, wie passen Sie die Werkzeuge an?<\/strong><\/h3>\n<p>Sie k\u00f6nnen die Zeichnung des Werkst\u00fccks, die Werkzeugschneidroute oder die Typzeichnung des Werkzeugs (CAD oder Hand) zur Verf\u00fcgung stellen.<br \/>\nWir haben bereits 30 Jahre Erfahrung in der Metallteile-CNC-Bearbeitung; wir k\u00f6nnen mit Ihnen das Werkzeugdesign besprechen.<\/li>\n<li>\n<h3 style=\"font-family: Open Sans; color: #17a05c;\"><strong>Warum haben Sie keine Axialeinstechen Werkzeug als Teil Ihrer Standardwerkzeuge?<\/strong><\/h3>\n<p>Die Art der Axialeinstechen Werkzeugen sind sehr variabel; Wir glauben, dass nur kundenspezifische Axial-Einstechen Werkzeugen Ihre Anforderungen erf\u00fcllen k\u00f6nnen (wir ber\u00fccksichtigen die Lebensdauer, Qualit\u00e4t und Produktivit\u00e4t der Werkzeugen).<\/li>\n<li>\n<h3 style=\"font-family: Open Sans; color: #17a05c;\"><strong>In welchen CNC-Maschinen k\u00f6nnen Ihre Werkzeuge verwendet werden?<\/strong><\/h3>\n<p>Unsere Werkzeuge k\u00f6nnen in einer Vielzahl von CNC-Maschinen wie CNC-Drehmaschine mit automatischer Vorschubstange (Schweizer Typ, Turrent-Typ) und Mehrachsen-CNC-Maschine (zB TORNOS, SCHUTTE, INDEX etc &#8230;) verwendet werden.<br \/>\nWir haben Erfahrung in jeder Art von CNC-Maschinen; Wir k\u00f6nnen mit Ihnen das Werkzeugdesign besprechen.<\/li>\n<li>\n<h3 style=\"font-family: Open Sans; color: #17a05c;\"><strong>Was sind die Funktionen der Werkst\u00fccke Sektionsmaschinen? <\/strong><\/h3>\n<p>Wir produzieren drei Arten von Werkst\u00fccke Sektionsmaschinen<br \/>\n(B350, B550 und BC550), die \u00fcber ein K\u00fchlsystem verf\u00fcgen.<br \/>\nSie erh\u00f6hen Stabilit\u00e4t und Effizienz. Unser Produkte gew\u00e4hrleisten Sicherheit und Zeitersparnis und senken die Arbeitskraft. (Klick hier)<\/li>\n<li>\n<h3 style=\"font-family: Open Sans; color: #17a05c;\"><strong>Wie f\u00fchren Sie Qualit\u00e4tskontrolle (QC) ein?<\/strong><\/h3>\n<p>Bevor Sie Waren versenden, pr\u00fcfen wir jede einzelne Werkzeugspitze.<\/li>\n<\/ul>\n<\/div><div class=\"fusion-clearfix\"><\/div><\/div><\/div><\/div><\/div><div class=\"fusion-fullwidth fullwidth-box fusion-builder-row-2 hundred-percent-fullwidth non-hundred-percent-height-scrolling\" style=\"background-color: rgba(255,255,255,0);background-position: left top;background-repeat: no-repeat;padding-top:0px;padding-right:0px;padding-bottom:0px;padding-left:0px;margin-bottom: 0px;margin-top: 0px;border-width: 0px 0px 0px 0px;border-color:#eae9e9;border-style:solid;\" ><div class=\"fusion-builder-row fusion-row\"><div class=\"fusion-layout-column fusion_builder_column fusion-builder-column-1 fusion_builder_column_1_1 1_1 fusion-one-full fusion-column-first fusion-column-last rounded-border\" style=\"margin-top:0px;margin-bottom:0px;\"><div class=\"fusion-column-wrapper fusion-flex-column-wrapper-legacy\" style=\"background-position:left top;background-repeat:no-repeat;-webkit-background-size:cover;-moz-background-size:cover;-o-background-size:cover;background-size:cover;background-color:#ffffff;padding: 0px 0px 0px 0px;\"><div class=\"fusion-clearfix\"><\/div><\/div><\/div><\/div><\/div><div class=\"fusion-fullwidth fullwidth-box fusion-builder-row-3 hundred-percent-fullwidth non-hundred-percent-height-scrolling fusion-no-small-visibility\" style=\"background-color: #f2f2f2;background-position: center center;background-repeat: no-repeat;padding-top:0px;padding-right:0px;padding-bottom:0px;padding-left:0px;margin-bottom: 0px;margin-top: 0px;border-width: 0px 0px 0px 0px;border-color:#eae9e9;border-style:solid;\" ><div class=\"fusion-builder-row fusion-row\"><div class=\"fusion-layout-column fusion_builder_column fusion-builder-column-2 fusion_builder_column_1_1 1_1 fusion-one-full fusion-column-first fusion-column-last\" style=\"margin-top:0px;margin-bottom:-5px;\"><div class=\"fusion-column-wrapper fusion-flex-column-wrapper-legacy\" style=\"background-position:left top;background-repeat:no-repeat;-webkit-background-size:cover;-moz-background-size:cover;-o-background-size:cover;background-size:cover;padding: 0px 15% 0px 15%;\"><div class=\"fusion-builder-row fusion-builder-row-inner fusion-row\"><div class=\"fusion-layout-column fusion_builder_column_inner fusion-builder-nested-column-0 fusion_builder_column_inner_1_2 1_2 fusion-one-half fusion-column-first ferfer\" style=\"width:50%;width:calc(50% - ( ( 0px ) * 0.5 ) );margin-right: 0px;margin-top:0px;margin-bottom:0px;\"><div class=\"fusion-column-wrapper fusion-flex-column-wrapper-legacy\" style=\"background-position:left top;background-repeat:no-repeat;-webkit-background-size:cover;-moz-background-size:cover;-o-background-size:cover;background-size:cover;padding: 0px 0px 0px 0px;\"><div class=\"fusion-sep-clear\"><\/div><div class=\"fusion-separator fusion-full-width-sep\" style=\"margin-left: auto;margin-right: auto;margin-top:5%;width:100%;\"><\/div><div class=\"fusion-sep-clear\"><\/div><div class=\"fusion-text fusion-text-3\"><p class=\"pre_left\" style=\"font-size: 36px; color: #17a05c; line-height: 38px;\">\u00dcberlegene Techniken,<br \/>\nhochwertige Qualit\u00e4tshaftung.<\/p>\n<\/div><div class=\"fusion-text fusion-text-4\"><p><span class=\"pre_left\">BAOJE Industrial Ltd. Co. ist ein f\u00fchrender Hersteller von innovatives und qualitative hochwertiges Mikro-Zerspanungswerkzeugen mit 30 Jahren Erfahrung. Wir fixier Sie auf das, was Sie jetzt brauchen und streben Werkzeug mit der beste Qualit\u00e4t f\u00fcr Ihre Industrie zu erforschen. Wir haben Patente von CNC Werkzeugschleifmaschinen, Schneidemaschine, Pr\u00e4zisionszerspanungswerkzeugen und Klemmhaltern, um Ihre Bed\u00fcrfnisse zu befriedigen.<\/span><\/p>\n<\/div><div class=\"fusion-clearfix\"><\/div><\/div><\/div><div class=\"fusion-layout-column fusion_builder_column_inner fusion-builder-nested-column-1 fusion_builder_column_inner_1_2 1_2 fusion-one-half fusion-column-last\" style=\"width:50%;width:calc(50% - ( ( 0px ) * 0.5 ) );margin-top:-3%;margin-bottom:0px;\"><div class=\"fusion-column-wrapper fusion-flex-column-wrapper-legacy\" style=\"background-position:left top;background-repeat:no-repeat;-webkit-background-size:cover;-moz-background-size:cover;-o-background-size:cover;background-size:cover;padding: 0px 0px 0px 0px;\"><span class=\" fusion-imageframe imageframe-none imageframe-2 hover-type-none\"><img fetchpriority=\"high\" fetchpriority=\"high\" decoding=\"async\" width=\"548\" height=\"346\" title=\"img_promo_pic\" src=\"https:\/\/www.baojetools.com\/wp-content\/uploads\/2018\/01\/img_promo_pic.png\" alt class=\"img-responsive wp-image-16\" srcset=\"https:\/\/www.baojetools.com\/wp-content\/uploads\/2018\/01\/img_promo_pic-200x126.png 200w, https:\/\/www.baojetools.com\/wp-content\/uploads\/2018\/01\/img_promo_pic-400x253.png 400w, https:\/\/www.baojetools.com\/wp-content\/uploads\/2018\/01\/img_promo_pic.png 548w\" sizes=\"(max-width: 850px) 100vw, 548px\" \/><\/span><div class=\"fusion-clearfix\"><\/div><\/div><\/div><\/div><div class=\"fusion-clearfix\"><\/div><\/div><\/div><\/div><\/div><div class=\"fusion-fullwidth fullwidth-box fusion-builder-row-4 hundred-percent-fullwidth non-hundred-percent-height-scrolling fusion-no-medium-visibility fusion-no-large-visibility\" style=\"background-color: #f2f2f2;background-position: center center;background-repeat: no-repeat;padding-top:10px;padding-right:0px;padding-bottom:0px;padding-left:0px;margin-bottom: 0px;margin-top: 0px;border-width: 0px 0px 0px 0px;border-color:#eae9e9;border-style:solid;\" ><div class=\"fusion-builder-row fusion-row\"><div class=\"fusion-layout-column fusion_builder_column fusion-builder-column-3 fusion_builder_column_1_1 1_1 fusion-one-full fusion-column-first fusion-column-last\" style=\"margin-top:0px;margin-bottom:0px;\"><div class=\"fusion-column-wrapper fusion-flex-column-wrapper-legacy\" style=\"background-position:left top;background-repeat:no-repeat;-webkit-background-size:cover;-moz-background-size:cover;-o-background-size:cover;background-size:cover;padding: 0px 0px 0px 0px;\"><div class=\"fusion-builder-row fusion-builder-row-inner fusion-row\"><div class=\"fusion-layout-column fusion_builder_column_inner fusion-builder-nested-column-2 fusion_builder_column_inner_1_2 1_2 fusion-one-half fusion-column-first ferfer\" style=\"width:50%;width:calc(50% - ( ( 0px ) * 0.5 ) );margin-right: 0px;margin-top:0px;margin-bottom:0px;\"><div class=\"fusion-column-wrapper fusion-flex-column-wrapper-legacy\" style=\"background-position:left top;background-repeat:no-repeat;-webkit-background-size:cover;-moz-background-size:cover;-o-background-size:cover;background-size:cover;padding: 0px 15% 0px 15%;\"><div class=\"fusion-sep-clear\"><\/div><div class=\"fusion-separator fusion-full-width-sep\" style=\"margin-left: auto;margin-right: auto;margin-top:5%;width:100%;\"><\/div><div class=\"fusion-sep-clear\"><\/div><div class=\"fusion-text fusion-text-5\"><p class=\"pre_left\" style=\"font-size: 36px; color: #17a05c; line-height: 38px;\">\u00dcberlegene Techniken,<br \/>\nhochwertige Qualit\u00e4tshaftung.<\/p>\n<\/div><div class=\"fusion-text fusion-text-6\"><p><span class=\"pre_left\">BAOJE Industrial Ltd. Co. ist ein f\u00fchrender Hersteller von innovatives und qualitative hochwertiges Mikro-Zerspanungswerkzeugen mit 30 Jahren Erfahrung. Wir fixier Sie auf das, was Sie jetzt brauchen und streben Werkzeug mit der beste Qualit\u00e4t f\u00fcr Ihre Industrie zu erforschen. Wir haben Patente von CNC Werkzeugschleifmaschinen, Schneidemaschine, Pr\u00e4zisionszerspanungswerkzeugen und Klemmhaltern, um Ihre Bed\u00fcrfnisse zu befriedigen.<\/span><\/p>\n<\/div><div class=\"fusion-clearfix\"><\/div><\/div><\/div><div class=\"fusion-layout-column fusion_builder_column_inner fusion-builder-nested-column-3 fusion_builder_column_inner_1_2 1_2 fusion-one-half fusion-column-last\" style=\"width:50%;width:calc(50% - ( ( 0px ) * 0.5 ) );margin-top:-3%;margin-bottom:0px;\"><div class=\"fusion-column-wrapper fusion-flex-column-wrapper-legacy\" style=\"background-position:left top;background-repeat:no-repeat;-webkit-background-size:cover;-moz-background-size:cover;-o-background-size:cover;background-size:cover;padding: 0px 0px 0px 0px;\"><span class=\" fusion-imageframe imageframe-none imageframe-3 hover-type-none\"><img fetchpriority=\"high\" fetchpriority=\"high\" decoding=\"async\" width=\"548\" height=\"346\" title=\"img_promo_pic\" src=\"https:\/\/www.baojetools.com\/wp-content\/uploads\/2018\/01\/img_promo_pic.png\" alt class=\"img-responsive wp-image-16\" srcset=\"https:\/\/www.baojetools.com\/wp-content\/uploads\/2018\/01\/img_promo_pic-200x126.png 200w, https:\/\/www.baojetools.com\/wp-content\/uploads\/2018\/01\/img_promo_pic-400x253.png 400w, https:\/\/www.baojetools.com\/wp-content\/uploads\/2018\/01\/img_promo_pic.png 548w\" sizes=\"(max-width: 850px) 100vw, 548px\" \/><\/span><div class=\"fusion-clearfix\"><\/div><\/div><\/div><\/div><div class=\"fusion-clearfix\"><\/div><\/div><\/div><\/div><\/div><div class=\"fusion-fullwidth fullwidth-box fusion-builder-row-5 hundred-percent-fullwidth non-hundred-percent-height-scrolling\" style=\"background-color: rgba(255,255,255,0);background-position: center center;background-repeat: no-repeat;padding-top:0px;padding-right:0px;padding-bottom:0px;padding-left:0px;margin-bottom: 0px;margin-top: -5px;border-width: 0px 0px 0px 0px;border-color:#eae9e9;border-style:solid;\" ><div class=\"fusion-builder-row fusion-row\"><div class=\"fusion-layout-column fusion_builder_column fusion-builder-column-4 fusion_builder_column_1_1 1_1 fusion-one-full fusion-column-first fusion-column-last\" style=\"margin-top:0px;margin-bottom:0px;\"><div class=\"fusion-column-wrapper fusion-flex-column-wrapper-legacy\" style=\"background-position:left top;background-repeat:no-repeat;-webkit-background-size:cover;-moz-background-size:cover;-o-background-size:cover;background-size:cover;padding: 0px 0px 0px 0px;\"><div class=\"fusion-widget-area fusion-widget-area-1 fusion-content-widget-area\" id=\"abo_ftr\"><style type=\"text\/css\">.fusion-widget-area-1 {padding:0px 0px 0px 0px;}.fusion-widget-area-1 .widget h4 {color:#3b4251;}.fusion-widget-area-1 .widget .heading h4 {color:#3b4251;}<\/style><div id=\"nav_menu-4\" class=\"widget widget_nav_menu\"><div class=\"menu-above_ftr-%e5%be%b7%e8%aa%9e-container\"><ul id=\"menu-above_ftr-%e5%be%b7%e8%aa%9e\" class=\"menu\"><li id=\"menu-item-600\" class=\"menu-item menu-item-type-custom menu-item-object-custom menu-item-600\"><a href=\"https:\/\/www.baojetools.com\/de\/about-us\/#tech\">Patentierte Techniken<\/a><\/li>\n<li id=\"menu-item-601\" class=\"menu-item menu-item-type-custom menu-item-object-custom menu-item-601\"><a href=\"https:\/\/www.baojetools.com\/de\/products-series\/\">Neue Produkte<\/a><\/li>\n<li id=\"menu-item-602\" class=\"menu-item menu-item-type-custom menu-item-object-custom menu-item-602\"><a href=\"https:\/\/www.baojetools.com\/de\/news\/\">Nachrichten<\/a><\/li>\n<li id=\"menu-item-603\" class=\"menu-item menu-item-type-custom menu-item-object-custom menu-item-603\"><a href=\"https:\/\/www.baojetools.com\/de\/download\/\">Katalog herunterladen<\/a><\/li>\n<\/ul><\/div><\/div><div class=\"fusion-additional-widget-content\"><\/div><\/div><h1 style=\"display:none\">Contact US<\/h1>\t\t\t\t<div class=\"fusion-clearfix\"><\/div><\/div><\/div><\/div><\/div><\/p>\n","protected":false},"excerpt":{"rendered":"","protected":false},"author":2,"featured_media":0,"parent":0,"menu_order":0,"comment_status":"closed","ping_status":"closed","template":"100-width.php","meta":{"_acf_changed":false,"footnotes":""},"categories":[],"tags":[],"class_list":["post-4187","page","type-page","status-publish","hentry"],"acf":[],"yoast_head":"<!-- This site is optimized with the Yoast SEO plugin v24.5 - https:\/\/yoast.com\/wordpress\/plugins\/seo\/ -->\n<title>FAQ - BAOJE Industrial Co., Ltd,<\/title>\n<meta name=\"robots\" content=\"index, follow, max-snippet:-1, max-image-preview:large, max-video-preview:-1\" \/>\n<link rel=\"canonical\" href=\"https:\/\/www.baojetools.com\/de\/faq\/\" \/>\n<meta property=\"og:locale\" content=\"de_DE\" \/>\n<meta property=\"og:type\" content=\"article\" \/>\n<meta property=\"og:title\" content=\"FAQ - BAOJE Industrial Co., Ltd,\" \/>\n<meta property=\"og:url\" content=\"https:\/\/www.baojetools.com\/de\/faq\/\" \/>\n<meta property=\"og:site_name\" content=\"BAOJE Industrial Co., Ltd,\" \/>\n<meta property=\"article:modified_time\" content=\"2019-08-12T07:02:39+00:00\" \/>\n<meta property=\"og:image\" content=\"https:\/\/www.baojetools.com\/wp-content\/uploads\/2025\/09\/logo_600x600.png\" \/>\n\t<meta property=\"og:image:width\" content=\"600\" \/>\n\t<meta property=\"og:image:height\" content=\"600\" \/>\n\t<meta property=\"og:image:type\" content=\"image\/png\" \/>\n<meta name=\"twitter:card\" content=\"summary_large_image\" \/>\n<meta name=\"twitter:label1\" content=\"Est. reading time\" \/>\n\t<meta name=\"twitter:data1\" content=\"11 minutes\" \/>\n<!-- \/ Yoast SEO plugin. -->","yoast_head_json":{"title":"FAQ - BAOJE Industrial Co., Ltd,","robots":{"index":"index","follow":"follow","max-snippet":"max-snippet:-1","max-image-preview":"max-image-preview:large","max-video-preview":"max-video-preview:-1"},"canonical":"https:\/\/www.baojetools.com\/de\/faq\/","og_locale":"de_DE","og_type":"article","og_title":"FAQ - BAOJE Industrial Co., Ltd,","og_url":"https:\/\/www.baojetools.com\/de\/faq\/","og_site_name":"BAOJE Industrial Co., Ltd,","article_modified_time":"2019-08-12T07:02:39+00:00","og_image":[{"width":600,"height":600,"url":"https:\/\/www.baojetools.com\/wp-content\/uploads\/2025\/09\/logo_600x600.png","type":"image\/png"}],"twitter_card":"summary_large_image","twitter_misc":{"Est. reading time":"11 minutes"},"schema":{"@context":"https:\/\/schema.org","@graph":[{"@type":"WebPage","@id":"https:\/\/www.baojetools.com\/de\/faq\/","url":"https:\/\/www.baojetools.com\/de\/faq\/","name":"FAQ - BAOJE Industrial Co., Ltd,","isPartOf":{"@id":"https:\/\/www.baojetools.com\/#website"},"datePublished":"2019-01-15T06:20:54+00:00","dateModified":"2019-08-12T07:02:39+00:00","breadcrumb":{"@id":"https:\/\/www.baojetools.com\/de\/faq\/#breadcrumb"},"inLanguage":"de-DE","potentialAction":[{"@type":"ReadAction","target":["https:\/\/www.baojetools.com\/de\/faq\/"]}]},{"@type":"BreadcrumbList","@id":"https:\/\/www.baojetools.com\/de\/faq\/#breadcrumb","itemListElement":[{"@type":"ListItem","position":1,"name":"\u9996\u9801","item":"https:\/\/www.baojetools.com\/de\/"},{"@type":"ListItem","position":2,"name":"FAQ"}]},{"@type":"WebSite","@id":"https:\/\/www.baojetools.com\/#website","url":"https:\/\/www.baojetools.com\/","name":"BAOJE Industrial Co., Ltd,","description":"CNC Cutting Tools, CNC Toolholder","publisher":{"@id":"https:\/\/www.baojetools.com\/#organization"},"potentialAction":[{"@type":"SearchAction","target":{"@type":"EntryPoint","urlTemplate":"https:\/\/www.baojetools.com\/?s={search_term_string}"},"query-input":{"@type":"PropertyValueSpecification","valueRequired":true,"valueName":"search_term_string"}}],"inLanguage":"de-DE"},{"@type":"Organization","@id":"https:\/\/www.baojetools.com\/#organization","name":"BAOJE Industrial Co., Ltd,","url":"https:\/\/www.baojetools.com\/","logo":{"@type":"ImageObject","inLanguage":"de-DE","@id":"https:\/\/www.baojetools.com\/#\/schema\/logo\/image\/","url":"https:\/\/www.baojetools.com\/wp-content\/uploads\/2025\/09\/logo_600x600.png","contentUrl":"https:\/\/www.baojetools.com\/wp-content\/uploads\/2025\/09\/logo_600x600.png","width":600,"height":600,"caption":"BAOJE Industrial Co., Ltd,"},"image":{"@id":"https:\/\/www.baojetools.com\/#\/schema\/logo\/image\/"}}]}},"_links":{"self":[{"href":"https:\/\/www.baojetools.com\/de\/wp-json\/wp\/v2\/pages\/4187","targetHints":{"allow":["GET"]}}],"collection":[{"href":"https:\/\/www.baojetools.com\/de\/wp-json\/wp\/v2\/pages"}],"about":[{"href":"https:\/\/www.baojetools.com\/de\/wp-json\/wp\/v2\/types\/page"}],"author":[{"embeddable":true,"href":"https:\/\/www.baojetools.com\/de\/wp-json\/wp\/v2\/users\/2"}],"replies":[{"embeddable":true,"href":"https:\/\/www.baojetools.com\/de\/wp-json\/wp\/v2\/comments?post=4187"}],"version-history":[{"count":0,"href":"https:\/\/www.baojetools.com\/de\/wp-json\/wp\/v2\/pages\/4187\/revisions"}],"wp:attachment":[{"href":"https:\/\/www.baojetools.com\/de\/wp-json\/wp\/v2\/media?parent=4187"}],"wp:term":[{"taxonomy":"category","embeddable":true,"href":"https:\/\/www.baojetools.com\/de\/wp-json\/wp\/v2\/categories?post=4187"},{"taxonomy":"post_tag","embeddable":true,"href":"https:\/\/www.baojetools.com\/de\/wp-json\/wp\/v2\/tags?post=4187"}],"curies":[{"name":"wp","href":"https:\/\/api.w.org\/{rel}","templated":true}]}}